{"id":69,"date":"2023-07-25T03:50:23","date_gmt":"2023-07-25T03:50:23","guid":{"rendered":"https:\/\/demo.casethemes.net\/consultio-insurance2\/?page_id=69"},"modified":"2025-12-03T08:23:59","modified_gmt":"2025-12-03T08:23:59","slug":"contact","status":"publish","type":"page","link":"https:\/\/healthylittleheroes.nl\/es\/contact\/","title":{"rendered":"Cont\u00e1ctanos"},"content":{"rendered":"\t\t<div data-elementor-type=\"wp-page\" data-elementor-id=\"69\" class=\"elementor elementor-69\" data-elementor-post-type=\"page\">\n\t\t\t\t\r\n        <section class=\"elementor-section elementor-top-section elementor-element elementor-element-dd40735 elementor-section-boxed elementor-section-height-default elementor-section-height-default ct-header-fixed-none ct-row-max-none\" data-id=\"dd40735\" data-element_type=\"section\" data-e-type=\"section\">\n            \n                        <div class=\"elementor-container elementor-column-gap-extended \">\n                    <div class=\"elementor-column elementor-col-33 elementor-top-column elementor-element elementor-element-65fb3db\" data-id=\"65fb3db\" data-element_type=\"column\" data-e-type=\"column\">\n        <div class=\"elementor-widget-wrap elementor-element-populated\">\n                    \n        \t\t<div class=\"elementor-element elementor-element-efa31e0 elementor-widget elementor-widget-ct_fancy_box\" data-id=\"efa31e0\" data-element_type=\"widget\" data-e-type=\"widget\" data-widget_type=\"ct_fancy_box.default\">\n\t\t\t\t<div class=\"elementor-widget-container\">\n\t\t\t\t\t<div class=\"ct-fancy-box ct-fancy-box-layout1 style1 \" data-wow-delay=\"ms\">\r\n            <div class=\"item--icon\">\r\n            <span class=\"item--shape\"><\/span>\r\n            <i aria-hidden=\"true\" class=\"fas fa-map-marker-alt\"><\/i>                            <a class=\"item--link\" href=\"#\"><\/a>\r\n                    <\/div>\r\n            <div class=\"item--holder\">\r\n                    <h3 class=\"item--title\">\r\n                Ons adres            <\/h3>\r\n                <div class=\"item--description\">Het Hoogt 214, 1025HE Amsterdam<\/div>\r\n    <\/div>\r\n<\/div>\t\t\t\t<\/div>\n\t\t\t\t<\/div>\n\t\t            <\/div>\n        <\/div>\n                <div class=\"elementor-column elementor-col-33 elementor-top-column elementor-element elementor-element-8f9d5a6\" data-id=\"8f9d5a6\" data-element_type=\"column\" data-e-type=\"column\">\n        <div class=\"elementor-widget-wrap elementor-element-populated\">\n                    \n        \t\t<div class=\"elementor-element elementor-element-9b08ab3 elementor-widget elementor-widget-ct_fancy_box\" data-id=\"9b08ab3\" data-element_type=\"widget\" data-e-type=\"widget\" data-widget_type=\"ct_fancy_box.default\">\n\t\t\t\t<div class=\"elementor-widget-container\">\n\t\t\t\t\t<div class=\"ct-fancy-box ct-fancy-box-layout1 style1 \" data-wow-delay=\"ms\">\r\n            <div class=\"item--icon\">\r\n            <span class=\"item--shape\"><\/span>\r\n            <i aria-hidden=\"true\" class=\"fas fa-phone-alt\"><\/i>                            <a class=\"item--link\" href=\"#\"><\/a>\r\n                    <\/div>\r\n            <div class=\"item--holder\">\r\n                    <h3 class=\"item--title\">\r\n                Telefoon:            <\/h3>\r\n                <div class=\"item--description\">(+31) 0634598170<\/div>\r\n    <\/div>\r\n<\/div>\t\t\t\t<\/div>\n\t\t\t\t<\/div>\n\t\t            <\/div>\n        <\/div>\n                <div class=\"elementor-column elementor-col-33 elementor-top-column elementor-element elementor-element-1b40a4d\" data-id=\"1b40a4d\" data-element_type=\"column\" data-e-type=\"column\">\n        <div class=\"elementor-widget-wrap elementor-element-populated\">\n                    \n        \t\t<div class=\"elementor-element elementor-element-1d049cc elementor-widget elementor-widget-ct_fancy_box\" data-id=\"1d049cc\" data-element_type=\"widget\" data-e-type=\"widget\" data-widget_type=\"ct_fancy_box.default\">\n\t\t\t\t<div class=\"elementor-widget-container\">\n\t\t\t\t\t<div class=\"ct-fancy-box ct-fancy-box-layout1 style1 \" data-wow-delay=\"ms\">\r\n            <div class=\"item--icon\">\r\n            <span class=\"item--shape\"><\/span>\r\n            <i aria-hidden=\"true\" class=\"fas fa-envelope\"><\/i>                            <a class=\"item--link\" href=\"#\"><\/a>\r\n                    <\/div>\r\n            <div class=\"item--holder\">\r\n                    <h3 class=\"item--title\">\r\n                E-mail ons            <\/h3>\r\n                <div class=\"item--description\">info@healthylittleheroes.nl<\/div>\r\n    <\/div>\r\n<\/div>\t\t\t\t<\/div>\n\t\t\t\t<\/div>\n\t\t            <\/div>\n        <\/div>\n                    <\/div>\n        <\/section>\n                <section class=\"elementor-section elementor-top-section elementor-element elementor-element-bf48b12 elementor-section-boxed elementor-section-height-default elementor-section-height-default ct-header-fixed-none ct-row-max-none\" data-id=\"bf48b12\" data-element_type=\"section\" data-e-type=\"section\">\n            \n                        <div class=\"elementor-container elementor-column-gap-extended \">\n                    <div class=\"elementor-column elementor-col-50 elementor-top-column elementor-element elementor-element-ed51085\" data-id=\"ed51085\" data-element_type=\"column\" data-e-type=\"column\">\n        <div class=\"elementor-widget-wrap elementor-element-populated\">\n                    \n        \t\t<div class=\"elementor-element elementor-element-962f960 elementor-widget elementor-widget-image\" data-id=\"962f960\" data-element_type=\"widget\" data-e-type=\"widget\" data-widget_type=\"image.default\">\n\t\t\t\t\t\t\t\t\t\t\t\t\t\t\t<img decoding=\"async\" src=\"https:\/\/healthylittleheroes.nl\/wp-content\/uploads\/2025\/08\/contact-persoon-2-1-1.png\" title=\"\" alt=\"\" loading=\"lazy\" \/>\t\t\t\t\t\t\t\t\t\t\t\t\t\t\t<\/div>\n\t\t            <\/div>\n        <\/div>\n                <div class=\"elementor-column elementor-col-50 elementor-top-column elementor-element elementor-element-d79041a\" data-id=\"d79041a\" data-element_type=\"column\" data-e-type=\"column\">\n        <div class=\"elementor-widget-wrap elementor-element-populated\">\n                    \n        \t\t<div class=\"elementor-element elementor-element-3be1c52 elementor-widget elementor-widget-ct_heading\" data-id=\"3be1c52\" data-element_type=\"widget\" data-e-type=\"widget\" data-widget_type=\"ct_heading.default\">\n\t\t\t\t<div class=\"elementor-widget-container\">\n\t\t\t\t\t<div id=\"ct_heading-3be1c52\" class=\"ct-heading h-align- sub- ct-heading-left item-st-line-top1\">\r\n    <div class=\"ct-item--inner\">\r\n        <div class=\"ct-inline-css\" data-css=\"\r\n            \">\r\n        <\/div>\r\n                <h3 class=\"item--title st-line-top1 case-animate-time\" data-wow-delay=\"ms\">\r\n                            <div class=\"ct-heading-divider\"><span><\/span><\/div>\r\n                        <span class=\"sp-main\">\r\n                \r\n                Maak een afspraak voor een gratis consult om uw behoefte in kaart te brengen\r\n                \r\n                            <\/span>\r\n                    <\/h3>\r\n    <\/div>\r\n<\/div>\t\t\t\t<\/div>\n\t\t\t\t<\/div>\n\t\t\t\t<div class=\"elementor-element elementor-element-1285666 elementor-widget elementor-widget-text-editor\" data-id=\"1285666\" data-element_type=\"widget\" data-e-type=\"widget\" data-widget_type=\"text-editor.default\">\n\t\t\t\t\t\t\t\t\t<h4>Voor meer informatie<\/h4>\t\t\t\t\t\t\t\t<\/div>\n\t\t\t\t<div class=\"elementor-element elementor-element-de84657 fluent-form-widget-step-header-yes fluent-form-widget-step-progressbar-yes fluentform-widget-submit-button-custom elementor-widget elementor-widget-fluent-form-widget\" data-id=\"de84657\" data-element_type=\"widget\" data-e-type=\"widget\" data-widget_type=\"fluent-form-widget.default\">\n\t\t\t\t<div class=\"elementor-widget-container\">\n\t\t\t\t\t\n            <div class=\"fluentform-widget-wrapper fluentform-widget-align-default\">\n\n            \n            <div class='fluentform ff-default fluentform_wrapper_4 ffs_default_wrap'><form data-form_id=\"4\" id=\"fluentform_4\" class=\"frm-fluent-form fluent_form_4 ff-el-form-top ff_form_instance_4_1 ff-form-loading ffs_default\" data-form_instance=\"ff_form_instance_4_1\" method=\"POST\" ><fieldset  style=\"border: none!important;margin: 0!important;padding: 0!important;background-color: transparent!important;box-shadow: none!important;outline: none!important; min-inline-size: 100%;\">\n                    <legend class=\"ff_screen_reader_title\" style=\"display: block; margin: 0!important;padding: 0!important;height: 0!important;text-indent: -999999px;width: 0!important;overflow:hidden;\">contact<\/legend><input type='hidden' name='__fluent_form_embded_post_id' value='69' \/><input type=\"hidden\" id=\"_fluentform_4_fluentformnonce\" name=\"_fluentform_4_fluentformnonce\" value=\"d64d6300fe\" \/><input type=\"hidden\" name=\"_wp_http_referer\" value=\"\/es\/wp-json\/wp\/v2\/pages\/69\" \/><div data-type=\"name-element\" data-name=\"names\" class=\" ff-field_container ff-name-field-wrapper\" ><div class='ff-t-container'><div class='ff-t-cell '><div class='ff-el-group'><div class=\"ff-el-input--label asterisk-right\"><label for='ff_4_names_first_name_' id='label_ff_4_names_first_name_' >Naam<\/label><\/div><div class='ff-el-input--content'><input type=\"text\" name=\"names[first_name]\" id=\"ff_4_names_first_name_\" class=\"ff-el-form-control\" placeholder=\"Uw naam hier\" aria-invalid=\"false\" aria-required=false><\/div><\/div><\/div><\/div><\/div><div class='ff-el-group'><div class=\"ff-el-input--label ff-el-is-required asterisk-right\"><label for='ff_4_email_1' id='label_ff_4_email_1' aria-label=\"E-mail\">E-mail<\/label><\/div><div class='ff-el-input--content'><input type=\"email\" name=\"email_1\" id=\"ff_4_email_1\" class=\"ff-el-form-control\" placeholder=\"E-mailadres\" data-name=\"email_1\"  aria-invalid=\"false\" aria-required=true><\/div><\/div><div class='ff-el-group'><div class=\"ff-el-input--label asterisk-right\"><label for='ff_4_input_text' id='label_ff_4_input_text' aria-label=\"Onderwerp\">Onderwerp<\/label><\/div><div class='ff-el-input--content'><input type=\"text\" name=\"input_text\" class=\"ff-el-form-control\" data-name=\"input_text\" id=\"ff_4_input_text\"  aria-invalid=\"false\" aria-required=false><\/div><\/div><div class='ff-el-group'><div class=\"ff-el-input--label ff-el-is-required asterisk-right\"><label for='ff_4_message' id='label_ff_4_message' aria-label=\"Uw bericht\">Uw bericht<\/label><\/div><div class='ff-el-input--content'><textarea aria-required=\"true\" aria-labelledby=\"label_ff_4_message\" name=\"message\" id=\"ff_4_message\" class=\"ff-el-form-control\" placeholder=\"Uw bericht hier\" rows=\"4\" cols=\"2\" data-name=\"message\" ><\/textarea><\/div><\/div><div class='ff-el-group    ff-el-input--content'><div class='ff-el-form-check ff-el-tc'><label aria-label='T\u00e9rminos y condiciones: Ik ga akkoord met de inhoud van de privacyverklaring Contiene 1 enlace. Usa la navegaci\u00f3n por pesta\u00f1as para rese\u00f1ar.' class='ff-el-form-check-label ff_tc_label' for=gdpr-agreement_1736b2786511842eb3599d93923e52eb><span class='ff_tc_checkbox'><input type=\"checkbox\" name=\"gdpr-agreement\" class=\"ff-el-form-check-input ff_gdpr_field\" data-name=\"gdpr-agreement\" id=\"gdpr-agreement_1736b2786511842eb3599d93923e52eb\"  value='on' aria-invalid='false' aria-required=true><\/span> <div class='ff_t_c'>Ik ga akkoord met de inhoud van de <a href=\"https:\/\/healthylittleheroes.nl\/privacyverklaring\/\">privacyverklaring<\/a><\/div><\/label><\/div><\/div><div class='ff-el-group ff-text-left ff_submit_btn_wrapper'><button type=\"submit\" class=\"ff-btn ff-btn-submit ff-btn-md ff_btn_style\"  aria-label=\"Verzenden\">Verzenden<\/button><\/div><\/fieldset><\/form><div id='fluentform_4_errors' class='ff-errors-in-stack ff_form_instance_4_1 ff-form-loading_errors ff_form_instance_4_1_errors'><\/div><\/div>            <script type=\"text\/javascript\">\n                window.fluent_form_ff_form_instance_4_1 = {\"id\":\"4\",\"settings\":{\"layout\":{\"labelPlacement\":\"top\",\"helpMessagePlacement\":\"with_label\",\"errorMessagePlacement\":\"inline\",\"cssClassName\":\"\",\"asteriskPlacement\":\"asterisk-right\"},\"restrictions\":{\"denyEmptySubmission\":{\"enabled\":false}}},\"form_instance\":\"ff_form_instance_4_1\",\"form_id_selector\":\"fluentform_4\",\"rules\":{\"names[first_name]\":{\"required\":{\"value\":false,\"message\":\"This field is required\",\"global\":false,\"global_message\":\"Dit veld is vereist\"}},\"names[middle_name]\":{\"required\":{\"value\":false,\"message\":\"This field is required\",\"global\":false,\"global_message\":\"Dit veld is vereist\"}},\"names[last_name]\":{\"required\":{\"value\":false,\"message\":\"This field is required\",\"global\":false,\"global_message\":\"Dit veld is vereist\"}},\"email_1\":{\"required\":{\"value\":true,\"message\":\"verplicht\",\"global\":false,\"global_message\":\"Dit veld is vereist\"},\"email\":{\"value\":true,\"message\":\"incorrect mailadres\",\"global\":false,\"global_message\":\"Dit veld moet een geldig e-mailadres bevatten\"}},\"input_text\":{\"required\":{\"value\":false,\"message\":\"Este campo es obligatorio\",\"global_message\":\"Dit veld is vereist\",\"global\":true}},\"message\":{\"required\":{\"value\":true,\"message\":\"verplicht veld\",\"global\":false,\"global_message\":\"Dit veld is vereist\"}},\"gdpr-agreement\":{\"required\":{\"value\":true,\"message\":\"Este campo es obligatorio\",\"global_message\":\"Dit veld is vereist\",\"global\":true}}},\"debounce_time\":300};\n                            <\/script>\n                        <\/div>\n\n            \t\t\t\t<\/div>\n\t\t\t\t<\/div>\n\t\t            <\/div>\n        <\/div>\n                    <\/div>\n        <\/section>\n                <section class=\"elementor-section elementor-top-section elementor-element elementor-element-048035e elementor-section-boxed elementor-section-height-default elementor-section-height-default ct-header-fixed-none ct-row-max-none\" data-id=\"048035e\" data-element_type=\"section\" data-e-type=\"section\">\n            \n                        <div class=\"elementor-container elementor-column-gap-extended \">\n                    <div class=\"elementor-column elementor-col-100 elementor-top-column elementor-element elementor-element-617583b\" data-id=\"617583b\" data-element_type=\"column\" data-e-type=\"column\">\n        <div class=\"elementor-widget-wrap elementor-element-populated\">\n                    \n        \t\t<div class=\"elementor-element elementor-element-3c22419 elementor-widget elementor-widget-ct_clients_list\" data-id=\"3c22419\" data-element_type=\"widget\" data-e-type=\"widget\" data-widget_type=\"ct_clients_list.default\">\n\t\t\t\t<div class=\"elementor-widget-container\">\n\t\t\t\t\t    <div class=\"ct-client1 ct-slick-slider style2\">\r\n        <div class=\"ct-clients-list-inner\">\r\n            <div class=\"ct-slick-carousel\" data-arrows=\"\" data-dots=\"\" data-pauseOnHover=\"\" data-autoplay=\"true\" data-autoplaySpeed=\"8000\" data-infinite=\"true\" data-speed=\"800\" data-colxs=\"2\" data-colsm=\"3\" data-colmd=\"3\" data-collg=\"4\" data-colxl=\"4\" data-dir=\"false\" data-slidesToScroll=\"1\">\r\n                                        <div class=\"slick-slide\">\r\n                            <div class=\"client-image \">\r\n                                <a href=\"#\">\r\n                                    <img decoding=\"async\" width=\"177\" height=\"52\" src=\"https:\/\/healthylittleheroes.nl\/wp-content\/uploads\/2025\/08\/nat-schoolontbijt.png\" class=\"ct-thumb-1 attachment-full\" alt=\"\" \/>                                                                    <\/a>\r\n                            <\/div>\r\n                        <\/div>\r\n                                                            <div class=\"slick-slide\">\r\n                            <div class=\"client-image \">\r\n                                <a href=\"#\">\r\n                                    <img decoding=\"async\" width=\"177\" height=\"52\" src=\"https:\/\/healthylittleheroes.nl\/wp-content\/uploads\/2025\/08\/jarige-job.png\" class=\"ct-thumb-1 attachment-full\" alt=\"\" \/>                                                                    <\/a>\r\n                            <\/div>\r\n                        <\/div>\r\n                                                            <div class=\"slick-slide\">\r\n                            <div class=\"client-image \">\r\n                                <a href=\"#\">\r\n                                    <img decoding=\"async\" width=\"177\" height=\"52\" src=\"https:\/\/healthylittleheroes.nl\/wp-content\/uploads\/2025\/08\/partner-gemeente-amsterdam.png\" class=\"ct-thumb-1 attachment-full\" alt=\"\" \/>                                                                    <\/a>\r\n                            <\/div>\r\n                        <\/div>\r\n                                                            <div class=\"slick-slide\">\r\n                            <div class=\"client-image \">\r\n                                <a href=\"#\">\r\n                                    <img loading=\"lazy\" decoding=\"async\" width=\"177\" height=\"52\" src=\"https:\/\/healthylittleheroes.nl\/wp-content\/uploads\/2025\/08\/partner-voedingscentrum.png\" class=\"ct-thumb-1 attachment-full\" alt=\"\" \/>                                                                    <\/a>\r\n                            <\/div>\r\n                        <\/div>\r\n                                                            <div class=\"slick-slide\">\r\n                            <div class=\"client-image \">\r\n                                <a href=\"#\">\r\n                                    <img loading=\"lazy\" decoding=\"async\" width=\"200\" height=\"52\" src=\"https:\/\/healthylittleheroes.nl\/wp-content\/uploads\/2025\/08\/logo-voedselbank.png\" class=\"ct-thumb-1 attachment-full\" alt=\"\" \/>                                                                    <\/a>\r\n                            <\/div>\r\n                        <\/div>\r\n                                                            <div class=\"slick-slide\">\r\n                            <div class=\"client-image \">\r\n                                <a href=\"#\">\r\n                                    <img loading=\"lazy\" decoding=\"async\" width=\"200\" height=\"52\" src=\"https:\/\/healthylittleheroes.nl\/wp-content\/uploads\/2025\/08\/logo-meal-prepping.png\" class=\"ct-thumb-1 attachment-full\" alt=\"\" \/>                                                                    <\/a>\r\n                            <\/div>\r\n                        <\/div>\r\n                                                <\/div>\r\n        <\/div>\r\n    <\/div>\r\n\t\t\t\t<\/div>\n\t\t\t\t<\/div>\n\t\t            <\/div>\n        <\/div>\n                    <\/div>\n        <\/section>\n        \t\t<\/div>\n\t\t","protected":false},"excerpt":{"rendered":"<p>Ons adres Het Hoogt 214, 1025HE Amsterdam Telefoon: (+31) 0634598170 E-mail ons info@healthylittleheroes.nl Maak een afspraak voor een gratis consult om uw behoefte in kaart te brengen Voor meer informatie contact NaamE-mailOnderwerpUw bericht Ik ga akkoord met de inhoud van de privacyverklaringVerzenden<\/p>","protected":false},"author":1,"featured_media":0,"parent":0,"menu_order":0,"comment_status":"closed","ping_status":"closed","template":"","meta":{"rs_blank_template":"","rs_page_bg_color":"","slide_template_v7":"","footnotes":""},"class_list":["post-69","page","type-page","status-publish","hentry"],"_links":{"self":[{"href":"https:\/\/healthylittleheroes.nl\/es\/wp-json\/wp\/v2\/pages\/69","targetHints":{"allow":["GET"]}}],"collection":[{"href":"https:\/\/healthylittleheroes.nl\/es\/wp-json\/wp\/v2\/pages"}],"about":[{"href":"https:\/\/healthylittleheroes.nl\/es\/wp-json\/wp\/v2\/types\/page"}],"author":[{"embeddable":true,"href":"https:\/\/healthylittleheroes.nl\/es\/wp-json\/wp\/v2\/users\/1"}],"replies":[{"embeddable":true,"href":"https:\/\/healthylittleheroes.nl\/es\/wp-json\/wp\/v2\/comments?post=69"}],"version-history":[{"count":0,"href":"https:\/\/healthylittleheroes.nl\/es\/wp-json\/wp\/v2\/pages\/69\/revisions"}],"wp:attachment":[{"href":"https:\/\/healthylittleheroes.nl\/es\/wp-json\/wp\/v2\/media?parent=69"}],"curies":[{"name":"wp","href":"https:\/\/api.w.org\/{rel}","templated":true}]}}